{"id":5986,"date":"2021-11-23T13:03:42","date_gmt":"2021-11-23T16:33:42","guid":{"rendered":"http:\/\/www.bauerturismo.com.br\/site\/pagina-inicial\/"},"modified":"2026-01-13T14:11:58","modified_gmt":"2026-01-13T17:41:58","slug":"pagina-inicial","status":"publish","type":"page","link":"https:\/\/www.bauerturismo.com.br\/site\/","title":{"rendered":"P\u00e1gina Inicial"},"content":{"rendered":"<div id=\"pl-5986\"  class=\"panel-layout\" ><div id=\"pg-5986-0\"  class=\"panel-grid panel-has-style\" ><div class=\"so-rounded siteorigin-panels-stretch panel-row-style panel-row-style-for-5986-0\" data-stretch-type=\"full\" ><div id=\"pgc-5986-0-0\"  class=\"panel-grid-cell\" ><div id=\"panel-5986-0-0-0\" class=\"so-panel widget widget_sow-editor panel-first-child panel-last-child\" data-index=\"0\" ><div\n\t\t\t\n\t\t\tclass=\"so-widget-sow-editor so-widget-sow-editor-base\"\n\t\t\t\n\t\t>\n<div class=\"siteorigin-widget-tinymce textwidget\">\n\t<h5 style=\"text-align: center;\">Cambio -&nbsp; Atualizado 13\/01\/2026<\/h5>\n<h6 style=\"text-align: center;\">USD 1,00 = R$ 5,57 | EUR 1,00 = R$ 6,49 | GBP 1,00 = R$ 7,50 | CAD 1,00 = R$ 4,03<\/h6>\n<\/div>\n<\/div><\/div><\/div><\/div><\/div><div id=\"pg-5986-1\"  class=\"panel-grid panel-has-style\" ><div class=\"panel-row-style panel-row-style-for-5986-1\" ><div id=\"pgc-5986-1-0\"  class=\"panel-grid-cell\" ><div id=\"panel-5986-1-0-0\" class=\"so-panel widget widget_sow-headline panel-first-child panel-last-child\" data-index=\"1\" ><div class=\"panel-widget-style panel-widget-style-for-5986-1-0-0\" ><div\n\t\t\t\n\t\t\tclass=\"so-widget-sow-headline so-widget-sow-headline-default-af5568180956-5986 so-widget-fittext-wrapper\"\n\t\t\t data-fit-text-compressor=\"0.85\"\n\t\t><div class=\"sow-headline-container \">\n\t\t\t\t\t\t\t<h1 class=\"sow-headline\">\n\t\t\t\t\t\tPRODUTOS\t\t\t\t\t\t<\/h1>\n\t\t\t\t\t\t<\/div>\n<\/div><\/div><\/div><\/div><\/div><\/div><div id=\"pg-5986-2\"  class=\"panel-grid panel-has-style\" ><div class=\"panel-row-style panel-row-style-for-5986-2\" ><div id=\"pgc-5986-2-0\"  class=\"panel-grid-cell\" ><div id=\"panel-5986-2-0-0\" class=\"so-panel widget widget_sow-image panel-first-child\" data-index=\"2\" ><div\n\t\t\t\n\t\t\tclass=\"so-widget-sow-image so-widget-sow-image-default-8b5b6f678277-5986\"\n\t\t\t\n\t\t>\n<div class=\"sow-image-container\">\n\t\t\t<a href=\"https:\/\/almacen.mapaplus.com\/web\/2025\/Contenido\/PDF\/Catalogo_Mapaplus_2025\/index.html\"\n\t\t\ttarget=\"_blank\" rel=\"noopener noreferrer\" \t\t>\n\t\t\t<img \n\tsrc=\"https:\/\/www.bauerturismo.com.br\/site\/wp-content\/uploads\/2023\/05\/01_MAPAPLUS.png\" width=\"259\" height=\"84\" sizes=\"(max-width: 259px) 100vw, 259px\" alt=\"\" \t\tclass=\"so-widget-image\"\/>\n\t\t\t<\/a><\/div>\n\n<\/div><\/div><div id=\"panel-5986-2-0-1\" class=\"so-panel widget widget_sow-image\" data-index=\"3\" ><div\n\t\t\t\n\t\t\tclass=\"so-widget-sow-image so-widget-sow-image-default-8b5b6f678277-5986\"\n\t\t\t\n\t\t>\n<div class=\"sow-image-container\">\n\t\t\t<a href=\"https:\/\/www.doraklatin.com.br\/#produtos\"\n\t\t\ttarget=\"_blank\" rel=\"noopener noreferrer\" \t\t>\n\t\t\t<img \n\tsrc=\"https:\/\/www.bauerturismo.com.br\/site\/wp-content\/uploads\/2023\/04\/04_DORAK-1.png\" width=\"259\" height=\"84\" sizes=\"(max-width: 259px) 100vw, 259px\" title=\"04_DORAK\" alt=\"\" \t\tclass=\"so-widget-image\"\/>\n\t\t\t<\/a><\/div>\n\n<\/div><\/div><div id=\"panel-5986-2-0-2\" class=\"so-panel widget widget_sow-image\" data-index=\"4\" ><div\n\t\t\t\n\t\t\tclass=\"so-widget-sow-image so-widget-sow-image-default-8b5b6f678277-5986\"\n\t\t\t\n\t\t>\n<div class=\"sow-image-container\">\n\t\t\t<a href=\"https:\/\/www.yumpu.com\/pt\/document\/read\/68826812\/catalogo-alemanha-miller-incoming-2026-27\"\n\t\t\ttarget=\"_blank\" rel=\"noopener noreferrer\" \t\t>\n\t\t\t<img \n\tsrc=\"https:\/\/www.bauerturismo.com.br\/site\/wp-content\/uploads\/2023\/05\/07_MILLER.png\" width=\"259\" height=\"84\" sizes=\"(max-width: 259px) 100vw, 259px\" alt=\"\" \t\tclass=\"so-widget-image\"\/>\n\t\t\t<\/a><\/div>\n\n<\/div><\/div><div id=\"panel-5986-2-0-3\" class=\"so-panel widget widget_sow-image\" data-index=\"5\" ><div\n\t\t\t\n\t\t\tclass=\"so-widget-sow-image so-widget-sow-image-default-8b5b6f678277-5986\"\n\t\t\t\n\t\t>\n<div class=\"sow-image-container\">\n\t\t\t<a href=\"https:\/\/catalogo.anglovision.com\/CatalogoAngloVision2025.pdf\"\n\t\t\ttarget=\"_blank\" rel=\"noopener noreferrer\" \t\t>\n\t\t\t<img \n\tsrc=\"https:\/\/www.bauerturismo.com.br\/site\/wp-content\/uploads\/2023\/05\/15_ANGLOVISION.png\" width=\"259\" height=\"84\" sizes=\"(max-width: 259px) 100vw, 259px\" alt=\"\" \t\tclass=\"so-widget-image\"\/>\n\t\t\t<\/a><\/div>\n\n<\/div><\/div><div id=\"panel-5986-2-0-4\" class=\"so-panel widget widget_sow-image\" data-index=\"6\" ><div\n\t\t\t\n\t\t\tclass=\"so-widget-sow-image so-widget-sow-image-default-8b5b6f678277-5986\"\n\t\t\t\n\t\t>\n<div class=\"sow-image-container\">\n\t\t<img \n\tsrc=\"https:\/\/www.bauerturismo.com.br\/site\/wp-content\/uploads\/2023\/05\/14_AKILANGA.png\" width=\"259\" height=\"84\" sizes=\"(max-width: 259px) 100vw, 259px\" alt=\"\" \t\tclass=\"so-widget-image\"\/>\n\t<\/div>\n\n<\/div><\/div><div id=\"panel-5986-2-0-5\" class=\"so-panel widget widget_sow-image panel-last-child\" data-index=\"7\" ><div\n\t\t\t\n\t\t\tclass=\"so-widget-sow-image so-widget-sow-image-default-8b5b6f678277-5986\"\n\t\t\t\n\t\t>\n<div class=\"sow-image-container\">\n\t\t\t<a href=\"https:\/\/www.dorothytours.com\/pt\/tours\"\n\t\t\t\t\t>\n\t\t\t<img \n\tsrc=\"https:\/\/www.bauerturismo.com.br\/site\/wp-content\/uploads\/2023\/05\/13_DOROTHY.png\" width=\"259\" height=\"84\" sizes=\"(max-width: 259px) 100vw, 259px\" alt=\"\" \t\tclass=\"so-widget-image\"\/>\n\t\t\t<\/a><\/div>\n\n<\/div><\/div><\/div><div id=\"pgc-5986-2-1\"  class=\"panel-grid-cell\" ><div id=\"panel-5986-2-1-0\" class=\"so-panel widget widget_sow-image panel-first-child\" data-index=\"8\" ><div\n\t\t\t\n\t\t\tclass=\"so-widget-sow-image so-widget-sow-image-default-8b5b6f678277-5986\"\n\t\t\t\n\t\t>\n<div class=\"sow-image-container\">\n\t\t\t<a href=\"https:\/\/almacen.mapaplus.com\/web\/2025\/Contenido\/PDF\/Catalogo_Grandes_Viajes_Mapaplus_2025\/index.html\"\n\t\t\ttarget=\"_blank\" rel=\"noopener noreferrer\" \t\t>\n\t\t\t<img \n\tsrc=\"https:\/\/www.bauerturismo.com.br\/site\/wp-content\/uploads\/2023\/05\/02_MAPAMUNDI.png\" width=\"259\" height=\"84\" sizes=\"(max-width: 259px) 100vw, 259px\" alt=\"\" \t\tclass=\"so-widget-image\"\/>\n\t\t\t<\/a><\/div>\n\n<\/div><\/div><div id=\"panel-5986-2-1-1\" class=\"so-panel widget widget_sow-image\" data-index=\"9\" ><div\n\t\t\t\n\t\t\tclass=\"so-widget-sow-image so-widget-sow-image-default-8b5b6f678277-5986\"\n\t\t\t\n\t\t>\n<div class=\"sow-image-container\">\n\t\t\t<a href=\"https:\/\/www.surland.com\/pt\/folhetos\/europa\/folheto-completo-europa-2024-25\"\n\t\t\ttarget=\"_blank\" rel=\"noopener noreferrer\" \t\t>\n\t\t\t<img \n\tsrc=\"https:\/\/www.bauerturismo.com.br\/site\/wp-content\/uploads\/2023\/05\/05_SURLAND.png\" width=\"259\" height=\"84\" sizes=\"(max-width: 259px) 100vw, 259px\" alt=\"\" \t\tclass=\"so-widget-image\"\/>\n\t\t\t<\/a><\/div>\n\n<\/div><\/div><div id=\"panel-5986-2-1-2\" class=\"so-panel widget widget_sow-image\" data-index=\"10\" ><div\n\t\t\t\n\t\t\tclass=\"so-widget-sow-image so-widget-sow-image-default-8b5b6f678277-5986\"\n\t\t\t\n\t\t>\n<div class=\"sow-image-container\">\n\t\t\t<a href=\"https:\/\/satotours.eu\/wp-content\/uploads\/2025\/11\/BRAZIL-2026-nov-6.pdf\"\n\t\t\ttarget=\"_blank\" rel=\"noopener noreferrer\" \t\t>\n\t\t\t<img \n\tsrc=\"https:\/\/www.bauerturismo.com.br\/site\/wp-content\/uploads\/2023\/05\/06_SATO.png\" width=\"259\" height=\"84\" sizes=\"(max-width: 259px) 100vw, 259px\" alt=\"\" \t\tclass=\"so-widget-image\"\/>\n\t\t\t<\/a><\/div>\n\n<\/div><\/div><div id=\"panel-5986-2-1-3\" class=\"so-panel widget widget_sow-image\" data-index=\"11\" ><div\n\t\t\t\n\t\t\tclass=\"so-widget-sow-image so-widget-sow-image-default-8b5b6f678277-5986\"\n\t\t\t\n\t\t>\n<div class=\"sow-image-container\">\n\t\t\t<a href=\"https:\/\/tourpartnergroup.com\/pt-pt\/brochures\/#brochure-36806\"\n\t\t\ttarget=\"_blank\" rel=\"noopener noreferrer\" \t\t>\n\t\t\t<img \n\tsrc=\"https:\/\/www.bauerturismo.com.br\/site\/wp-content\/uploads\/2023\/04\/18_TPC.png\" width=\"259\" height=\"84\" sizes=\"(max-width: 259px) 100vw, 259px\" alt=\"\" \t\tclass=\"so-widget-image\"\/>\n\t\t\t<\/a><\/div>\n\n<\/div><\/div><div id=\"panel-5986-2-1-4\" class=\"so-panel widget widget_sow-image\" data-index=\"12\" ><div\n\t\t\t\n\t\t\tclass=\"so-widget-sow-image so-widget-sow-image-default-8b5b6f678277-5986\"\n\t\t\t\n\t\t>\n<div class=\"sow-image-container\">\n\t\t\t<a href=\"https:\/\/vpttours.com\/themes\/vpt\/uploads\/catalogos\/pdf\/202603PT.pdf\"\n\t\t\ttarget=\"_blank\" rel=\"noopener noreferrer\" \t\t>\n\t\t\t<img \n\tsrc=\"https:\/\/www.bauerturismo.com.br\/site\/wp-content\/uploads\/2019\/04\/logo-2.png\" width=\"224\" height=\"52\" sizes=\"(max-width: 224px) 100vw, 224px\" title=\"logo\" alt=\"\" \t\tclass=\"so-widget-image\"\/>\n\t\t\t<\/a><\/div>\n\n<\/div><\/div><div id=\"panel-5986-2-1-5\" class=\"so-panel widget widget_sow-image panel-last-child\" data-index=\"13\" ><div\n\t\t\t\n\t\t\tclass=\"so-widget-sow-image so-widget-sow-image-default-8b5b6f678277-5986\"\n\t\t\t\n\t\t>\n<div class=\"sow-image-container\">\n\t\t<img \n\tsrc=\"https:\/\/www.bauerturismo.com.br\/site\/wp-content\/uploads\/2023\/05\/20_CYNSA.png\" width=\"259\" height=\"84\" sizes=\"(max-width: 259px) 100vw, 259px\" alt=\"\" \t\tclass=\"so-widget-image\"\/>\n\t<\/div>\n\n<\/div><\/div><\/div><div id=\"pgc-5986-2-2\"  class=\"panel-grid-cell\" ><div id=\"panel-5986-2-2-0\" class=\"so-panel widget widget_sow-image panel-first-child\" data-index=\"14\" ><div\n\t\t\t\n\t\t\tclass=\"so-widget-sow-image so-widget-sow-image-default-8b5b6f678277-5986\"\n\t\t\t\n\t\t>\n<div class=\"sow-image-container\">\n\t\t\t<a href=\"https:\/\/almacen.wamos.com\/web\/catalogos\/2025\/Wamos_Europa_V25.pdf\"\n\t\t\ttarget=\"_blank\" rel=\"noopener noreferrer\" \t\t>\n\t\t\t<img \n\tsrc=\"https:\/\/www.bauerturismo.com.br\/site\/wp-content\/uploads\/2023\/04\/21_Wamos-2.png\" width=\"259\" height=\"84\" sizes=\"(max-width: 259px) 100vw, 259px\" title=\"21_Wamos\" alt=\"\" \t\tclass=\"so-widget-image\"\/>\n\t\t\t<\/a><\/div>\n\n<\/div><\/div><div id=\"panel-5986-2-2-1\" class=\"so-panel widget widget_sow-image\" data-index=\"15\" ><div\n\t\t\t\n\t\t\tclass=\"so-widget-sow-image so-widget-sow-image-default-8b5b6f678277-5986\"\n\t\t\t\n\t\t>\n<div class=\"sow-image-container\">\n\t\t\t<a href=\"https:\/\/www.kompas-online.net\/flipping_book\/Circuitos-acompanhados-2026\/\"\n\t\t\ttarget=\"_blank\" rel=\"noopener noreferrer\" \t\t>\n\t\t\t<img \n\tsrc=\"https:\/\/www.bauerturismo.com.br\/site\/wp-content\/uploads\/2023\/05\/09_KOMPAS.png\" width=\"259\" height=\"84\" sizes=\"(max-width: 259px) 100vw, 259px\" alt=\"\" \t\tclass=\"so-widget-image\"\/>\n\t\t\t<\/a><\/div>\n\n<\/div><\/div><div id=\"panel-5986-2-2-2\" class=\"so-panel widget widget_sow-image\" data-index=\"16\" ><div\n\t\t\t\n\t\t\tclass=\"so-widget-sow-image so-widget-sow-image-default-8b5b6f678277-5986\"\n\t\t\t\n\t\t>\n<div class=\"sow-image-container\">\n\t\t\t<a href=\"https:\/\/pt.renaissance-hellas.com\/index.php?route=product\/category&#038;path=59&#038;page=2\"\n\t\t\ttarget=\"_blank\" rel=\"noopener noreferrer\" \t\t>\n\t\t\t<img \n\tsrc=\"https:\/\/www.bauerturismo.com.br\/site\/wp-content\/uploads\/2023\/05\/10_RENAISSANCE-1.png\" width=\"259\" height=\"84\" sizes=\"(max-width: 259px) 100vw, 259px\" title=\"10_RENAISSANCE\" alt=\"\" \t\tclass=\"so-widget-image\"\/>\n\t\t\t<\/a><\/div>\n\n<\/div><\/div><div id=\"panel-5986-2-2-3\" class=\"so-panel widget widget_sow-image\" data-index=\"17\" ><div\n\t\t\t\n\t\t\tclass=\"so-widget-sow-image so-widget-sow-image-default-8b5b6f678277-5986\"\n\t\t\t\n\t\t>\n<div class=\"sow-image-container\">\n\t\t<img \n\tsrc=\"https:\/\/www.bauerturismo.com.br\/site\/wp-content\/uploads\/2021\/11\/4834459.jpg\" width=\"198\" height=\"61\" sizes=\"(max-width: 198px) 100vw, 198px\" alt=\"\" \t\tclass=\"so-widget-image\"\/>\n\t<\/div>\n\n<\/div><\/div><div id=\"panel-5986-2-2-4\" class=\"so-panel widget widget_sow-image\" data-index=\"18\" ><div\n\t\t\t\n\t\t\tclass=\"so-widget-sow-image so-widget-sow-image-default-8b5b6f678277-5986\"\n\t\t\t\n\t\t>\n<div class=\"sow-image-container\">\n\t\t\t<a href=\"https:\/\/www.carrani.com\/wp-content\/uploads\/hs2024\/pt\/PT_Fantasia%20HS%2024.pdf\"\n\t\t\ttarget=\"_blank\" rel=\"noopener noreferrer\" \t\t>\n\t\t\t<img \n\tsrc=\"https:\/\/www.bauerturismo.com.br\/site\/wp-content\/uploads\/2023\/05\/12_CARRANI.png\" width=\"259\" height=\"84\" sizes=\"(max-width: 259px) 100vw, 259px\" alt=\"\" \t\tclass=\"so-widget-image\"\/>\n\t\t\t<\/a><\/div>\n\n<\/div><\/div><div id=\"panel-5986-2-2-5\" class=\"so-panel widget widget_sow-image panel-last-child\" data-index=\"19\" ><div\n\t\t\t\n\t\t\tclass=\"so-widget-sow-image so-widget-sow-image-default-8b5b6f678277-5986\"\n\t\t\t\n\t\t>\n<div class=\"sow-image-container\">\n\t\t\t<a href=\"https:\/\/www.ekatours.cl\/wp-content\/themes\/tours-trex\/files\/CatalogoEkatoursPort.pdf\"\n\t\t\t\t\t>\n\t\t\t<img \n\tsrc=\"https:\/\/www.bauerturismo.com.br\/site\/wp-content\/uploads\/2023\/05\/19_EKATOURS.png\" width=\"259\" height=\"84\" sizes=\"(max-width: 259px) 100vw, 259px\" alt=\"\" \t\tclass=\"so-widget-image\"\/>\n\t\t\t<\/a><\/div>\n\n<\/div><\/div><\/div><\/div><\/div><div id=\"pg-5986-3\"  class=\"panel-grid panel-has-style\" ><div class=\"siteorigin-panels-stretch panel-row-style panel-row-style-for-5986-3\" data-stretch-type=\"full-width-stretch\" ><div id=\"pgc-5986-3-0\"  class=\"panel-grid-cell panel-grid-cell-empty\" ><\/div><\/div><\/div><div id=\"pg-5986-4\"  class=\"panel-grid panel-no-style\" ><div id=\"pgc-5986-4-0\"  class=\"panel-grid-cell\" ><div id=\"panel-5986-4-0-0\" class=\"so-panel widget widget_sow-headline panel-first-child\" data-index=\"20\" ><div\n\t\t\t\n\t\t\tclass=\"so-widget-sow-headline so-widget-sow-headline-default-0fa944dd9c23-5986 so-widget-fittext-wrapper\"\n\t\t\t data-fit-text-compressor=\"0.85\"\n\t\t><div class=\"sow-headline-container \">\n\t\t\t\t\t\t\t<h1 class=\"sow-headline\">\n\t\t\t\t\t\tNOSSOS SERVI\u00c7OS\t\t\t\t\t\t<\/h1>\n\t\t\t\t\t\t<\/div>\n<\/div><\/div><div id=\"panel-5986-4-0-1\" class=\"so-panel widget widget_sow-features panel-last-child\" data-index=\"21\" ><div\n\t\t\t\n\t\t\tclass=\"so-widget-sow-features so-widget-sow-features-default-d3d66080c049-5986\"\n\t\t\t\n\t\t><ul\n\tclass=\"sow-features-list\n\tsow-features-responsive\">\n\n\t\t\t<li\n\t\t\tclass=\"sow-features-feature sow-icon-container-position-top\"\n\t\t\tstyle=\"display: flex; flex-direction: column; width: calc(33.333% - 25px);\"\n\t\t>\n\t\t\t\n\t\t\t\t\t\t<div\t\t\t\tclass=\"sow-icon-container sow-container-none\"\n\t\t\t\tstyle=\"color: ; \"\n\t\t\t\t\n\t\t\t\t\t\t\t>\n\t\t\t\t<span class=\"sow-icon-fontawesome sow-fas\" data-sow-icon=\"&#xf5a0;\"\n\t\tstyle=\"font-size: 48px; color: #333333\" \n\t\taria-hidden=\"true\"><\/span>\t\t\t<\/div>\n\n\t\t\t<div class=\"textwidget\">\n\t\t\t\t\n\t\t\t\t\t\t\t\t\t<h5 class=\"sow-features-feature-title\">\n\t\t\t\t\t\tRoteiros\t\t\t\t\t<\/h5>\n\t\t\t\t\n\t\t\t\t\t\t\t\t\t<div class=\"sow-features-feature-text\">\n\t\t\t\t\t<p>Trabalhamos com as melhores operadoras no mundo para oferecer servi\u00e7os de qualidade aos seus passageiros!<\/p>\n\t\t\t\t\t<\/div>\n\t\t\t\t\t\t\t\t<\/div>\n\t\t\t\t\t\t\t\t<\/li>\n\n\t\t\t<li\n\t\t\tclass=\"sow-features-feature sow-icon-container-position-top\"\n\t\t\tstyle=\"display: flex; flex-direction: column; width: calc(33.333% - 25px);\"\n\t\t>\n\t\t\t\n\t\t\t\t\t\t<div\t\t\t\tclass=\"sow-icon-container sow-container-none\"\n\t\t\t\tstyle=\"color: #404040; \"\n\t\t\t\t\n\t\t\t\t\t\t\t>\n\t\t\t\t<span class=\"sow-icon-fontawesome sow-fas\" data-sow-icon=\"&#xf236;\"\n\t\tstyle=\"font-size: 48px; color: #333333\" \n\t\taria-hidden=\"true\"><\/span>\t\t\t<\/div>\n\n\t\t\t<div class=\"textwidget\">\n\t\t\t\t\n\t\t\t\t\t\t\t\t\t<h5 class=\"sow-features-feature-title\">\n\t\t\t\t\t\tHotelaria\t\t\t\t\t<\/h5>\n\t\t\t\t\n\t\t\t\t\t\t\t\t\t<div class=\"sow-features-feature-text\">\n\t\t\t\t\t<p>Reservas de hotelaria no mundo todo.<\/p>\n\t\t\t\t\t<\/div>\n\t\t\t\t\t\t\t\t<\/div>\n\t\t\t\t\t\t\t\t<\/li>\n\n\t\t\t<li\n\t\t\tclass=\"sow-features-feature sow-icon-container-position-top\"\n\t\t\tstyle=\"display: flex; flex-direction: column; width: calc(33.333% - 25px);\"\n\t\t>\n\t\t\t\n\t\t\t\t\t\t<div\t\t\t\tclass=\"sow-icon-container sow-container-none\"\n\t\t\t\tstyle=\"color: #404040; \"\n\t\t\t\t\n\t\t\t\t\t\t\t>\n\t\t\t\t<span class=\"sow-icon-fontawesome sow-fas\" data-sow-icon=\"&#xf030;\"\n\t\tstyle=\"font-size: 48px; color: #333333\" \n\t\taria-hidden=\"true\"><\/span>\t\t\t<\/div>\n\n\t\t\t<div class=\"textwidget\">\n\t\t\t\t\n\t\t\t\t\t\t\t\t\t<h5 class=\"sow-features-feature-title\">\n\t\t\t\t\t\tServi\u00e7os\t\t\t\t\t<\/h5>\n\t\t\t\t\n\t\t\t\t\t\t\t\t\t<div class=\"sow-features-feature-text\">\n\t\t\t\t\t<p>City tours, passeios, tickets e tudo que for preciso para conhecer o destino da melhor maneira.<\/p>\n\t\t\t\t\t<\/div>\n\t\t\t\t\t\t\t\t<\/div>\n\t\t\t\t\t\t\t\t<\/li>\n\n\t<\/ul>\n<\/div><\/div><\/div><\/div><div id=\"pg-5986-5\"  class=\"panel-grid panel-has-style\" ><div class=\"panel-row-style panel-row-style-for-5986-5\" ><div id=\"pgc-5986-5-0\"  class=\"panel-grid-cell\" ><div id=\"panel-5986-5-0-0\" class=\"so-panel widget widget_sow-headline panel-first-child panel-last-child\" data-index=\"22\" ><div\n\t\t\t\n\t\t\tclass=\"so-widget-sow-headline so-widget-sow-headline-default-a6c6e3097e3a-5986 so-widget-fittext-wrapper\"\n\t\t\t data-fit-text-compressor=\"0.85\"\n\t\t><div class=\"sow-headline-container \">\n\t\t\t\t\t\t\t<h1 class=\"sow-headline\">\n\t\t\t\t\t\tSOBRE N\u00d3S\t\t\t\t\t\t<\/h1>\n\t\t\t\t\t\t\t\t\t\t\t\t<h3 class=\"sow-sub-headline\">\n\t\t\t\t\t\tA Bauer Turismo est\u00e1 localizada em Belo Horizonte, Minas Gerais, Brasil. A empresa atua h\u00e1 20 anos no ramo de Turismo e Viagens, oferecendo comodidade, tranquilidade e seguran\u00e7a para seus clientes. A credibilidade, agregada a um atendimento personalizado garante que sua viagem (a lazer ou a neg\u00f3cios) seja feita da melhor forma poss\u00edvel.\t\t\t\t\t\t<\/h3>\n\t\t\t\t\t\t<\/div>\n<\/div><\/div><\/div><\/div><\/div><div id=\"pg-5986-6\"  class=\"panel-grid panel-no-style\" ><div id=\"pgc-5986-6-0\"  class=\"panel-grid-cell\" ><div id=\"panel-5986-6-0-0\" class=\"so-panel widget widget_wpforms-widget wpforms-widget panel-first-child panel-last-child\" data-index=\"23\" ><div class=\"wpforms-container wpforms-container-full wpforms-render-modern\" id=\"wpforms-6218\"><form id=\"wpforms-form-6218\" class=\"wpforms-validate wpforms-form wpforms-ajax-form\" data-formid=\"6218\" method=\"post\" enctype=\"multipart\/form-data\" action=\"\/site\/wp-json\/wp\/v2\/pages\/5986\" data-token=\"17a8d7a1dfacb6e2ef586a2ccc741b96\" data-token-time=\"1776852692\"><div class=\"wpforms-head-container\"><div class=\"wpforms-title\">Contato<\/div><\/div><noscript class=\"wpforms-error-noscript\">Ative o JavaScript no seu navegador para preencher este formul\u00e1rio.<\/noscript><div id=\"wpforms-error-noscript\" style=\"display: none;\">Ative o JavaScript no seu navegador para preencher este formul\u00e1rio.<\/div><div class=\"wpforms-field-container\"><div id=\"wpforms-6218-field_1-container\" class=\"wpforms-field wpforms-field-name\" data-field-id=\"1\"><fieldset><legend class=\"wpforms-field-label\">Nome <span class=\"wpforms-required-label\" aria-hidden=\"true\">*<\/span><\/legend><div class=\"wpforms-field-row wpforms-field-medium\"><div class=\"wpforms-field-row-block wpforms-first wpforms-one-half\"><input type=\"text\" id=\"wpforms-6218-field_1\" class=\"wpforms-field-name-first wpforms-field-required\" name=\"wpforms[fields][1][first]\" aria-errormessage=\"wpforms-6218-field_1-error\" required><label for=\"wpforms-6218-field_1\" class=\"wpforms-field-sublabel after\">Nome<\/label><\/div><div class=\"wpforms-field-row-block wpforms-one-half\"><input type=\"text\" id=\"wpforms-6218-field_1-last\" class=\"wpforms-field-name-last wpforms-field-required\" name=\"wpforms[fields][1][last]\" aria-errormessage=\"wpforms-6218-field_1-last-error\" required><label for=\"wpforms-6218-field_1-last\" class=\"wpforms-field-sublabel after\">Sobrenome<\/label><\/div><\/div><\/fieldset><\/div><div id=\"wpforms-6218-field_2-container\" class=\"wpforms-field wpforms-field-email\" data-field-id=\"2\"><label class=\"wpforms-field-label\" for=\"wpforms-6218-field_2\">E-mail <span class=\"wpforms-required-label\" aria-hidden=\"true\">*<\/span><\/label><input type=\"email\" id=\"wpforms-6218-field_2\" class=\"wpforms-field-medium wpforms-field-required\" name=\"wpforms[fields][2]\" spellcheck=\"false\" aria-errormessage=\"wpforms-6218-field_2-error\" required><\/div>\t\t<div id=\"wpforms-6218-field_4-container\"\n\t\t\tclass=\"wpforms-field wpforms-field-text\"\n\t\t\tdata-field-type=\"text\"\n\t\t\tdata-field-id=\"4\"\n\t\t\t>\n\t\t\t<label class=\"wpforms-field-label\" for=\"wpforms-6218-field_4\" >Coment\u00e1rio Nome Mensagem<\/label>\n\t\t\t<input type=\"text\" id=\"wpforms-6218-field_4\" class=\"wpforms-field-medium\" name=\"wpforms[fields][4]\" >\n\t\t<\/div>\n\t\t<div id=\"wpforms-6218-field_3-container\" class=\"wpforms-field wpforms-field-textarea\" data-field-id=\"3\"><label class=\"wpforms-field-label\" for=\"wpforms-6218-field_3\">Coment\u00e1rio ou Mensagem<\/label><textarea id=\"wpforms-6218-field_3\" class=\"wpforms-field-medium\" name=\"wpforms[fields][3]\" aria-errormessage=\"wpforms-6218-field_3-error\" ><\/textarea><\/div><script>\n\t\t\t\t( function() {\n\t\t\t\t\tconst style = document.createElement( 'style' );\n\t\t\t\t\tstyle.appendChild( document.createTextNode( '#wpforms-6218-field_4-container { position: absolute !important; overflow: hidden !important; display: inline !important; height: 1px !important; width: 1px !important; z-index: -1000 !important; padding: 0 !important; } #wpforms-6218-field_4-container input { visibility: hidden; } #wpforms-conversational-form-page #wpforms-6218-field_4-container label { counter-increment: none; }' ) );\n\t\t\t\t\tdocument.head.appendChild( style );\n\t\t\t\t\tdocument.currentScript?.remove();\n\t\t\t\t} )();\n\t\t\t<\/script><\/div><!-- .wpforms-field-container --><div class=\"wpforms-submit-container\" ><input type=\"hidden\" name=\"wpforms[id]\" value=\"6218\"><input type=\"hidden\" name=\"page_title\" value=\"\"><input type=\"hidden\" name=\"page_url\" value=\"https:\/\/www.bauerturismo.com.br\/site\/wp-json\/wp\/v2\/pages\/5986\"><input type=\"hidden\" name=\"url_referer\" value=\"\"><button type=\"submit\" name=\"wpforms[submit]\" id=\"wpforms-submit-6218\" class=\"wpforms-submit\" data-alt-text=\"Enviando\u2026\" data-submit-text=\"Enviar\" aria-live=\"assertive\" value=\"wpforms-submit\">Enviar<\/button><img loading=\"lazy\" decoding=\"async\" src=\"https:\/\/www.bauerturismo.com.br\/site\/wp-content\/plugins\/wpforms-lite\/assets\/images\/submit-spin.svg\" class=\"wpforms-submit-spinner\" style=\"display: none;\" width=\"26\" height=\"26\" alt=\"Carregando\"><\/div><input\n                    class=\"apbct_special_field apbct_email_id__wp_wpforms\"\n                    name=\"apbct__email_id__wp_wpforms\"\n                    aria-label=\"apbct__label_id__wp_wpforms\"\n                    type=\"text\" size=\"30\" maxlength=\"200\" autocomplete=\"off\"\n                    value=\"\"\n                \/><\/form><\/div>  <!-- .wpforms-container --><\/div><\/div><\/div><\/div>","protected":false},"excerpt":{"rendered":"<p>Cambio &#8211;&nbsp; Atualizado 13\/01\/2026 USD 1,00 = R$ 5,57 | EUR 1,00 = R$ 6,49 | GBP 1,00 = R$ 7,50 | CAD 1,00 = R$ 4,03<\/p>\n","protected":false},"author":2,"featured_media":0,"parent":0,"menu_order":0,"comment_status":"closed","ping_status":"closed","template":"templates\/template-full-no-title.php","meta":{"ngg_post_thumbnail":0,"footnotes":""},"class_list":["post-5986","page","type-page","status-publish","hentry"],"_links":{"self":[{"href":"https:\/\/www.bauerturismo.com.br\/site\/wp-json\/wp\/v2\/pages\/5986","targetHints":{"allow":["GET"]}}],"collection":[{"href":"https:\/\/www.bauerturismo.com.br\/site\/wp-json\/wp\/v2\/pages"}],"about":[{"href":"https:\/\/www.bauerturismo.com.br\/site\/wp-json\/wp\/v2\/types\/page"}],"author":[{"embeddable":true,"href":"https:\/\/www.bauerturismo.com.br\/site\/wp-json\/wp\/v2\/users\/2"}],"replies":[{"embeddable":true,"href":"https:\/\/www.bauerturismo.com.br\/site\/wp-json\/wp\/v2\/comments?post=5986"}],"version-history":[{"count":87,"href":"https:\/\/www.bauerturismo.com.br\/site\/wp-json\/wp\/v2\/pages\/5986\/revisions"}],"predecessor-version":[{"id":6275,"href":"https:\/\/www.bauerturismo.com.br\/site\/wp-json\/wp\/v2\/pages\/5986\/revisions\/6275"}],"wp:attachment":[{"href":"https:\/\/www.bauerturismo.com.br\/site\/wp-json\/wp\/v2\/media?parent=5986"}],"curies":[{"name":"wp","href":"https:\/\/api.w.org\/{rel}","templated":true}]}}